{"id":3204,"date":"2025-03-25T19:07:18","date_gmt":"2025-03-25T18:07:18","guid":{"rendered":"https:\/\/tmg-usa.com\/privacy-statement\/"},"modified":"2025-07-02T16:58:34","modified_gmt":"2025-07-02T14:58:34","slug":"datenschutz","status":"publish","type":"page","link":"https:\/\/tmg-ch.com\/de\/datenschutz\/","title":{"rendered":"Datenschutz"},"content":{"rendered":"\t\t<div data-elementor-type=\"wp-page\" data-elementor-id=\"3204\" class=\"elementor elementor-3204 elementor-2164\" data-elementor-post-type=\"page\">\n\t\t\t\t<div class=\"elementor-element elementor-element-d83a50d e-con-full imprint-content e-flex e-con e-parent\" data-id=\"d83a50d\" data-element_type=\"container\">\n\t\t<div class=\"elementor-element elementor-element-96788b0 e-con-full e-flex e-con e-child\" data-id=\"96788b0\" data-element_type=\"container\">\n\t\t\t\t<div class=\"elementor-element elementor-element-267a829 elementor-widget elementor-widget-heading\" data-id=\"267a829\" data-element_type=\"widget\" data-widget_type=\"heading.default\">\n\t\t\t\t\t<h1 class=\"elementor-heading-title elementor-size-default\">Datenschutz<\/h1>\t\t\t\t<\/div>\n\t\t\t\t<div class=\"elementor-element elementor-element-af835aa elementor-widget__width-initial legal-text elementor-widget elementor-widget-text-editor\" data-id=\"af835aa\" data-element_type=\"widget\" data-widget_type=\"text-editor.default\">\n\t\t\t\t\t\t\t\t\t<p>Technology Management Group wird Ihre pers\u00f6nlichen Daten nicht ohne Ihre Zustimmung verkaufen. Technology Management Group wird Ihre pers\u00f6nlichen Daten nicht an Dritte weitergeben. Es kann jedoch vorkommen, dass pers\u00f6nliche Daten an Dritte weitergegeben werden, die f\u00fcr oder im Namen von Technology Management Group oder in Verbindung mit Technology Management Group handeln. Diese Datenschutzrichtlinie gilt nur f\u00fcr diese Website unter Ausschluss der Websites von Dritten.   <\/p>\n\t\t\t\t\t\t\t\t<\/div>\n\t\t\t\t<\/div>\n\t\t\t\t<\/div>\n\t\t\t\t<\/div>\n\t\t","protected":false},"excerpt":{"rendered":"<p>Datenschutz Technology Management Group wird Ihre pers\u00f6nlichen Daten nicht ohne Ihre Zustimmung verkaufen. Technology Management Group wird Ihre pers\u00f6nlichen Daten nicht an Dritte weitergeben. Es kann jedoch vorkommen, dass pers\u00f6nliche Daten an Dritte weitergegeben werden, die f\u00fcr oder im Namen von Technology Management Group oder in Verbindung mit Technology Management Group handeln. Diese Datenschutzrichtlinie gilt [&hellip;]<\/p>\n","protected":false},"author":10,"featured_media":0,"parent":0,"menu_order":0,"comment_status":"closed","ping_status":"closed","template":"","meta":{"footnotes":""},"class_list":["post-3204","page","type-page","status-publish","hentry"],"_hostinger_reach_plugin_has_subscription_block":false,"_hostinger_reach_plugin_is_elementor":false,"_links":{"self":[{"href":"https:\/\/tmg-ch.com\/de\/wp-json\/wp\/v2\/pages\/3204","targetHints":{"allow":["GET"]}}],"collection":[{"href":"https:\/\/tmg-ch.com\/de\/wp-json\/wp\/v2\/pages"}],"about":[{"href":"https:\/\/tmg-ch.com\/de\/wp-json\/wp\/v2\/types\/page"}],"author":[{"embeddable":true,"href":"https:\/\/tmg-ch.com\/de\/wp-json\/wp\/v2\/users\/10"}],"replies":[{"embeddable":true,"href":"https:\/\/tmg-ch.com\/de\/wp-json\/wp\/v2\/comments?post=3204"}],"version-history":[{"count":16,"href":"https:\/\/tmg-ch.com\/de\/wp-json\/wp\/v2\/pages\/3204\/revisions"}],"predecessor-version":[{"id":4164,"href":"https:\/\/tmg-ch.com\/de\/wp-json\/wp\/v2\/pages\/3204\/revisions\/4164"}],"wp:attachment":[{"href":"https:\/\/tmg-ch.com\/de\/wp-json\/wp\/v2\/media?parent=3204"}],"curies":[{"name":"wp","href":"https:\/\/api.w.org\/{rel}","templated":true}]}}