{"id":3200,"date":"2025-03-25T19:07:19","date_gmt":"2025-03-25T18:07:19","guid":{"rendered":"https:\/\/tmg-usa.com\/disclaimer\/"},"modified":"2025-07-10T16:13:25","modified_gmt":"2025-07-10T14:13:25","slug":"haftungs-ausschluss","status":"publish","type":"page","link":"https:\/\/tmg-ch.com\/de\/haftungs-ausschluss\/","title":{"rendered":"Haftungs-Ausschluss"},"content":{"rendered":"\t\t<div data-elementor-type=\"wp-page\" data-elementor-id=\"3200\" class=\"elementor elementor-3200 elementor-2166\" data-elementor-post-type=\"page\">\n\t\t\t\t<div class=\"elementor-element elementor-element-3e4f094 e-con-full e-flex e-con e-parent\" data-id=\"3e4f094\" data-element_type=\"container\">\n\t\t<div class=\"elementor-element elementor-element-23dd94e e-con-full e-flex e-con e-child\" data-id=\"23dd94e\" data-element_type=\"container\">\n\t\t\t\t<div class=\"elementor-element elementor-element-a8c4696 elementor-widget elementor-widget-heading\" data-id=\"a8c4696\" data-element_type=\"widget\" data-widget_type=\"heading.default\">\n\t\t\t\t\t<h1 class=\"elementor-heading-title elementor-size-default\">Haftungs-Ausschluss<\/h1>\t\t\t\t<\/div>\n\t\t\t\t<div class=\"elementor-element elementor-element-6ba65b5 elementor-widget__width-initial elementor-widget elementor-widget-text-editor\" data-id=\"6ba65b5\" data-element_type=\"widget\" data-widget_type=\"text-editor.default\">\n\t\t\t\t\t\t\t\t\t<p>Technology Management Group ist dazu verpflichtet, diese Website aktuell und akkurat zu halten. Sollten Sie dennoch auf irgendetwas stossen, das veraltet oder inkorrekt ist, w\u00fcrden wir es sch\u00e4tzen, wenn Sie es uns wissen lassen. Bitte weisen Sie darauf hin, wo Sie auf der Seite die Information gelesen haben. Wir werden uns dann so schnell wie m\u00f6glich darum k\u00fcmmern. Bitte senden Sie Ihre R\u00fcckmeldung an: contact@tmg-ch.com.<\/p><p>Wir \u00fcbernehmen keine Haftung f\u00fcr aus Ungenauigkeit oder Unvollst\u00e4ndigkeit resultierenden Verluste, noch f\u00fcr entstehende Verluste oder Verbreitung von Informationen durch das Internet, wie St\u00f6rungen oder Unterbrechungen. Bei der Verwendung von Internetfomularen streben wir danach die Anzahl der ben\u00f6tigten Felder zu minimieren. F\u00fcr jegliche Verluste die aus der Verwendung von Technology Management Group empfohlener oder stammender Daten, Hinweisen oder Ideen \u00fcbernimmt Technology Management Group keine Haftung.<\/p><p>Jegliche pers\u00f6nliche Information welche Sie uns innerhalb des Kontexts Ihrer Antwort oder Ihrem Antrag zur Verf\u00fcgung stellen, wird ausschliesslich gem\u00e4ss unserer Datenschutzerkl\u00e4rung genutzt.<\/p><p>Technology Management Group \u00fcbernimmt keine Verantwortung f\u00fcr den Inhalt von Websites, zu denen oder von denen ein Hyperlink oder eine anderer Verweis f\u00fchrt. Produkte oder Serviceleistungen, die von Drittanbieten angeboten werden, werden nach entsprechenden Bedingungen und Konditionen jener Drittanbieter behandelt werden.<\/p><p>Jegliches intellektuelle Eigentumsrecht an Inhalten auf dieser Website ist im Besitz von Technology Management Group.<\/p><p>Das Kopieren, Verbreiten oder jegliche andere Nutzung dieses Materials ist ohne die schriftliche Erlaubnis von Technology Management Group nicht gestattet, sofern in geltendem Gesetz nicht anders vereinbart oder ausgenommen (wie etwa das Recht zu zitieren), solang der spezifische Inhalt nichts anderes vorschreibt.<\/p><p>Wenn Sie Fragen oder Probleme mit der Verf\u00fcgbarkeit der Website haben, z\u00f6geren Sie nicht uns zu kontaktieren.<\/p>\t\t\t\t\t\t\t\t<\/div>\n\t\t\t\t<\/div>\n\t\t\t\t<\/div>\n\t\t\t\t<\/div>\n\t\t","protected":false},"excerpt":{"rendered":"<p>Haftungs-Ausschluss Technology Management Group ist dazu verpflichtet, diese Website aktuell und akkurat zu halten. Sollten Sie dennoch auf irgendetwas stossen, das veraltet oder inkorrekt ist, w\u00fcrden wir es sch\u00e4tzen, wenn Sie es uns wissen lassen. Bitte weisen Sie darauf hin, wo Sie auf der Seite die Information gelesen haben. Wir werden uns dann so schnell [&hellip;]<\/p>\n","protected":false},"author":10,"featured_media":0,"parent":0,"menu_order":0,"comment_status":"closed","ping_status":"closed","template":"","meta":{"footnotes":""},"class_list":["post-3200","page","type-page","status-publish","hentry"],"_hostinger_reach_plugin_has_subscription_block":false,"_hostinger_reach_plugin_is_elementor":false,"_links":{"self":[{"href":"https:\/\/tmg-ch.com\/de\/wp-json\/wp\/v2\/pages\/3200","targetHints":{"allow":["GET"]}}],"collection":[{"href":"https:\/\/tmg-ch.com\/de\/wp-json\/wp\/v2\/pages"}],"about":[{"href":"https:\/\/tmg-ch.com\/de\/wp-json\/wp\/v2\/types\/page"}],"author":[{"embeddable":true,"href":"https:\/\/tmg-ch.com\/de\/wp-json\/wp\/v2\/users\/10"}],"replies":[{"embeddable":true,"href":"https:\/\/tmg-ch.com\/de\/wp-json\/wp\/v2\/comments?post=3200"}],"version-history":[{"count":12,"href":"https:\/\/tmg-ch.com\/de\/wp-json\/wp\/v2\/pages\/3200\/revisions"}],"predecessor-version":[{"id":4259,"href":"https:\/\/tmg-ch.com\/de\/wp-json\/wp\/v2\/pages\/3200\/revisions\/4259"}],"wp:attachment":[{"href":"https:\/\/tmg-ch.com\/de\/wp-json\/wp\/v2\/media?parent=3200"}],"curies":[{"name":"wp","href":"https:\/\/api.w.org\/{rel}","templated":true}]}}