{"id":3194,"date":"2025-02-22T07:08:02","date_gmt":"2025-02-22T06:08:02","guid":{"rendered":"https:\/\/tmg-usa.com\/philosophie\/"},"modified":"2025-09-26T17:49:21","modified_gmt":"2025-09-26T15:49:21","slug":"home-2","status":"publish","type":"page","link":"https:\/\/tmg-ch.com\/de\/home-2\/","title":{"rendered":"Philosophie"},"content":{"rendered":"\t\t<div data-elementor-type=\"wp-page\" data-elementor-id=\"3194\" class=\"elementor elementor-3194 elementor-131\" data-elementor-post-type=\"page\">\n\t\t\t\t<div class=\"elementor-element elementor-element-a4f248c e-con-full e-flex e-con e-parent\" data-id=\"a4f248c\" data-element_type=\"container\" data-settings=\"{&quot;background_background&quot;:&quot;classic&quot;}\">\n\t\t\t\t<div class=\"elementor-element elementor-element-0164e88 elementor-widget elementor-widget-heading\" data-id=\"0164e88\" data-element_type=\"widget\" data-widget_type=\"heading.default\">\n\t\t\t\t\t<h1 class=\"elementor-heading-title elementor-size-default\">Unsere Philosophie<\/h1>\t\t\t\t<\/div>\n\t\t\t\t<div class=\"elementor-element elementor-element-ead9489 elementor-widget elementor-widget-button\" data-id=\"ead9489\" data-element_type=\"widget\" data-widget_type=\"button.default\">\n\t\t\t\t\t\t\t\t\t\t<a class=\"elementor-button elementor-button-link elementor-size-sm\" href=\"#content\">\n\t\t\t\t\t\t<span class=\"elementor-button-content-wrapper\">\n\t\t\t\t\t\t\t\t\t<span class=\"elementor-button-text\">Mehr erfahren<\/span>\n\t\t\t\t\t<\/span>\n\t\t\t\t\t<\/a>\n\t\t\t\t\t\t\t\t<\/div>\n\t\t\t\t<\/div>\n\t\t<div class=\"elementor-element elementor-element-6461182 e-flex e-con-boxed e-con e-parent\" data-id=\"6461182\" data-element_type=\"container\" id=\"content\">\n\t\t\t\t\t<div class=\"e-con-inner\">\n\t\t\t\t<div class=\"elementor-element elementor-element-e4ce631 elementor-absolute elementor-widget elementor-widget-menu-anchor\" data-id=\"e4ce631\" data-element_type=\"widget\" data-settings=\"{&quot;_position&quot;:&quot;absolute&quot;}\" data-widget_type=\"menu-anchor.default\">\n\t\t\t\t\t\t\t<div class=\"elementor-menu-anchor\" id=\"content\"><\/div>\n\t\t\t\t\t\t<\/div>\n\t\t\t\t<div class=\"elementor-element elementor-element-6ac9bb0 elementor-widget elementor-widget-heading\" data-id=\"6ac9bb0\" data-element_type=\"widget\" data-widget_type=\"heading.default\">\n\t\t\t\t\t<h2 class=\"elementor-heading-title elementor-size-default\">Agile &amp; Effektive Beratung<\/h2>\t\t\t\t<\/div>\n\t\t\t\t<div class=\"elementor-element elementor-element-72ec5e3 elementor-widget elementor-widget-text-editor\" data-id=\"72ec5e3\" data-element_type=\"widget\" data-widget_type=\"text-editor.default\">\n\t\t\t\t\t\t\t\t\t<div>Unternehmensberatung ist ein Gesch\u00e4ftsfeld das sich im Umbruch befindet. Dasselbe gilt f\u00fcr die weltweit t\u00e4tigen Unternehmen unserer Kunden. Da sich unsere Umwelt st\u00e4ndig ver\u00e4ndert, m\u00fcssen auch wir unsere Herangehensweise st\u00e4ndig neu \u00fcberdenken und unsere Strukturen anpassen, um weiterhin wettbewerbsf\u00e4hig zu bleiben und optimale L\u00f6sungen unseren Kunden anbieten zu k\u00f6nnen. <\/div>\n\t\t\t\t\t\t\t\t<\/div>\n\t\t\t\t<div class=\"elementor-element elementor-element-8b4cd01 elementor-widget elementor-widget-text-editor\" data-id=\"8b4cd01\" data-element_type=\"widget\" data-widget_type=\"text-editor.default\">\n\t\t\t\t\t\t\t\t\t<div>Dies ist ein Prozess in den wir auch unsere jahrelange Erfahrung bei f\u00fchrenden Fortune 500 Unternehmen miteinfliessen lassen um Herangehensweisen zu entwickeln die sowohl f\u00fcr unsere Kunden Mehrwert schaffen, als auch f\u00fcr unsere eigenen Berater bereichernd sind. Im Bezug auf die Wirtschaftlichkeit, Laufzeit und Beratungsintensit\u00e4t unterscheiden wir uns von unseren Konkurrenten durch unsere sehr flexible Vorgehensweise. <\/div>\n\t\t\t\t\t\t\t\t<\/div>\n\t\t\t\t<div class=\"elementor-element elementor-element-aa4da07 elementor-widget elementor-widget-text-editor\" data-id=\"aa4da07\" data-element_type=\"widget\" data-widget_type=\"text-editor.default\">\n\t\t\t\t\t\t\t\t\t<div>Unser Kerngedanke ist es, schnell, effektiv und wirtschaftlich konkurrenzf\u00e4hig zu sein. Unser Ziel ist Wachstum, gleichzeitig aber auch innovative L\u00f6sungen zu nutzen um die Fachkenntnisse erweitern, ohne die Eigeninitiative der Betroffenen zu l\u00e4hmen. Unsere Berater stehen jederzeit zur Verf\u00fcgung, um bei der L\u00f6sung spezieller Probleme mit ihrem Fachwissen helfen zu k\u00f6nnen.  <\/div>\n\t\t\t\t\t\t\t\t<\/div>\n\t\t\t\t<div class=\"elementor-element elementor-element-fbd4888 elementor-widget elementor-widget-heading\" data-id=\"fbd4888\" data-element_type=\"widget\" data-widget_type=\"heading.default\">\n\t\t\t\t\t<p class=\"elementor-heading-title elementor-size-default\">In der Praxis orientieren wir uns an den folgenden Leitlinien:<\/p>\t\t\t\t<\/div>\n\t\t\t\t\t<\/div>\n\t\t\t\t<\/div>\n\t\t<div class=\"elementor-element elementor-element-c8911cc e-con-full e-flex e-con e-parent\" data-id=\"c8911cc\" data-element_type=\"container\">\n\t\t<div class=\"elementor-element elementor-element-3814d59 e-con-full container-hover guidelines e-flex e-con e-child\" data-id=\"3814d59\" data-element_type=\"container\">\n\t\t<div class=\"elementor-element elementor-element-f4a0793 e-con-full e-flex e-con e-child\" data-id=\"f4a0793\" data-element_type=\"container\">\n\t\t\t\t<div class=\"elementor-element elementor-element-ba87a3d elementor-widget-mobile__width-initial elementor-widget-mobile_extra__width-initial elementor-widget-tablet__width-initial elementor-widget elementor-widget-heading\" data-id=\"ba87a3d\" data-element_type=\"widget\" data-widget_type=\"heading.default\">\n\t\t\t\t\t<h3 class=\"elementor-heading-title elementor-size-default\">Verantwortlichkeit f\u00fcr Kundenbelange<\/h3>\t\t\t\t<\/div>\n\t\t\t\t<div class=\"elementor-element elementor-element-db20e2b elementor-widget__width-inherit elementor-widget-mobile__width-inherit elementor-widget elementor-widget-text-editor\" data-id=\"db20e2b\" data-element_type=\"widget\" data-widget_type=\"text-editor.default\">\n\t\t\t\t\t\t\t\t\t<p>Wir glauben an langfristige Beziehungen. Diese k\u00f6nnen sich ausschliesslich mit der Zeit entwickeln. Daher blicken wir \u00fcber unseren Aufgabenbereich hinaus und versuchen, die Bed\u00fcrfnisse der Kunden sogar \u00fcber die Grenzen unserer Firment\u00e4tigkeit hinaus zu erf\u00fcllen. In diesem Zusammenhang k\u00f6nnen wir auf unser etabliertes internationales Netzwerk erfolgreicher Experten aus verschiedenen Bereichen zur\u00fcckgreifen. Auf diese Art und Weise haben wir unser Angebot vergr\u00f6ssert, ohne die strukturellen und finanziellen Lasten einer solchen Gr\u00f6sse tragen zu m\u00fcssen. Unsere Kunden als auch unsere Firma profitieren von einer solchen Herangehensweise.  <\/p>\n\t\t\t\t\t\t\t\t<\/div>\n\t\t\t\t<\/div>\n\t\t\t\t<div class=\"elementor-element elementor-element-5e0d0fb elementor-widget elementor-widget-image\" data-id=\"5e0d0fb\" data-element_type=\"widget\" data-widget_type=\"image.default\">\n\t\t\t\t\t\t\t\t\t\t\t\t\t\t\t<img fetchpriority=\"high\" decoding=\"async\" width=\"768\" height=\"512\" src=\"https:\/\/tmg-usa.com\/wp-content\/uploads\/2025\/04\/Ownership-768x512.webp\" class=\"attachment-medium_large size-medium_large wp-image-3314\" alt=\"Ownership of client issues\" srcset=\"https:\/\/tmg-usa.com\/wp-content\/uploads\/2025\/04\/Ownership-768x512.webp 768w, https:\/\/tmg-usa.com\/wp-content\/uploads\/2025\/04\/Ownership-300x200.webp 300w, https:\/\/tmg-usa.com\/wp-content\/uploads\/2025\/04\/Ownership-1024x683.webp 1024w, https:\/\/tmg-usa.com\/wp-content\/uploads\/2025\/04\/Ownership-1536x1024.webp 1536w, https:\/\/tmg-usa.com\/wp-content\/uploads\/2025\/04\/Ownership.webp 1920w\" sizes=\"(max-width: 768px) 100vw, 768px\" \/>\t\t\t\t\t\t\t\t\t\t\t\t\t\t\t<\/div>\n\t\t\t\t<\/div>\n\t\t<div class=\"elementor-element elementor-element-97fc5ad e-con-full container-hover guidelines e-flex e-con e-child\" data-id=\"97fc5ad\" data-element_type=\"container\">\n\t\t<div class=\"elementor-element elementor-element-ee21f3f e-con-full e-flex e-con e-child\" data-id=\"ee21f3f\" data-element_type=\"container\">\n\t\t\t\t<div class=\"elementor-element elementor-element-cf68816 elementor-widget-mobile__width-initial elementor-widget-mobile_extra__width-initial elementor-widget-tablet__width-initial elementor-widget elementor-widget-heading\" data-id=\"cf68816\" data-element_type=\"widget\" data-widget_type=\"heading.default\">\n\t\t\t\t\t<h3 class=\"elementor-heading-title elementor-size-default\">Erfahrung ist der Schl\u00fcssel zu exzellenten Ergebnissen<\/h3>\t\t\t\t<\/div>\n\t\t\t\t<div class=\"elementor-element elementor-element-14c8226 elementor-widget__width-inherit elementor-widget-mobile__width-inherit elementor-widget elementor-widget-text-editor\" data-id=\"14c8226\" data-element_type=\"widget\" data-widget_type=\"text-editor.default\">\n\t\t\t\t\t\t\t\t\t<p>Jeder Mitarbeiter unserer Firma hat mehr als 5 Jahre Erfahrung aus dem Bereich von Unternehmensberatung oder des operativen Gesch\u00e4fts internationaler Unternehmen. Wir glauben nicht, dass wir mit der Einstellung einzelner hervorragender Universit\u00e4tsabsolventen unser Ziel der Lieferung von inhaltlichen Ergebnissen, in komplexen Umgebungen erreichen k\u00f6nnen. Unsere Erfahrung gibt unserem Team die F\u00e4higkeit, Organisationen schneller zu verstehen und somit bessere L\u00f6sungen anzubieten. Es erlaubt es uns zudem auch die Komplexit\u00e4t der Strukturen unserer Kunden besser zu verstehen, bew\u00e4hrte L\u00f6sungen zu entwickeln, und die Vorteile neuer L\u00f6sungsans\u00e4tze zu integrieren.  <\/p>\n\t\t\t\t\t\t\t\t<\/div>\n\t\t\t\t<\/div>\n\t\t\t\t<div class=\"elementor-element elementor-element-88566aa elementor-widget elementor-widget-image\" data-id=\"88566aa\" data-element_type=\"widget\" data-widget_type=\"image.default\">\n\t\t\t\t\t\t\t\t\t\t\t\t\t\t\t<img decoding=\"async\" width=\"768\" height=\"512\" src=\"https:\/\/tmg-usa.com\/wp-content\/uploads\/2025\/04\/Experience-768x512.webp\" class=\"attachment-medium_large size-medium_large wp-image-3316\" alt=\"Experience is key to excellent client delivery\" srcset=\"https:\/\/tmg-usa.com\/wp-content\/uploads\/2025\/04\/Experience-768x512.webp 768w, https:\/\/tmg-usa.com\/wp-content\/uploads\/2025\/04\/Experience-300x200.webp 300w, https:\/\/tmg-usa.com\/wp-content\/uploads\/2025\/04\/Experience-1024x683.webp 1024w, https:\/\/tmg-usa.com\/wp-content\/uploads\/2025\/04\/Experience-1536x1024.webp 1536w, https:\/\/tmg-usa.com\/wp-content\/uploads\/2025\/04\/Experience.webp 1920w\" sizes=\"(max-width: 768px) 100vw, 768px\" \/>\t\t\t\t\t\t\t\t\t\t\t\t\t\t\t<\/div>\n\t\t\t\t<\/div>\n\t\t<div class=\"elementor-element elementor-element-57a0251 e-con-full container-hover guidelines e-flex e-con e-child\" data-id=\"57a0251\" data-element_type=\"container\">\n\t\t<div class=\"elementor-element elementor-element-edacc9d e-con-full e-flex e-con e-child\" data-id=\"edacc9d\" data-element_type=\"container\">\n\t\t\t\t<div class=\"elementor-element elementor-element-40ac99f elementor-widget-mobile__width-initial elementor-widget-mobile_extra__width-initial elementor-widget-tablet__width-initial elementor-widget elementor-widget-heading\" data-id=\"40ac99f\" data-element_type=\"widget\" data-widget_type=\"heading.default\">\n\t\t\t\t\t<h3 class=\"elementor-heading-title elementor-size-default\">Globale Reichweite mit lokalem Wissen<\/h3>\t\t\t\t<\/div>\n\t\t\t\t<div class=\"elementor-element elementor-element-0e88b94 elementor-widget__width-inherit elementor-widget-mobile__width-inherit elementor-widget elementor-widget-text-editor\" data-id=\"0e88b94\" data-element_type=\"widget\" data-widget_type=\"text-editor.default\">\n\t\t\t\t\t\t\t\t\t<p>Unsere Teams haben das kulturelle Wissen ihrer Umgebung, sind es aber auch gewohnt in kultur\u00fcbergreifenden Projekten zu arbeiten. Weil unsere Teams eine Zusammensetzung verschiedener Nationalit\u00e4ten, Kulturen, und Erfahrungshintergr\u00fcnde habe, sind wir trotz unserer relativ geringen Firmengr\u00f6sse in der Lage, Projekte in weltweit durchzuf\u00fchren. Diese Vielfalt an unterschiedlichen Menschen ist f\u00fcr uns auch eine Quelle der Kreativit\u00e4t die es uns erm\u00f6glicht neue L\u00f6sungen zu entwickeln und Spass bei der Arbeit zu haben.<\/p>\n\t\t\t\t\t\t\t\t<\/div>\n\t\t\t\t<\/div>\n\t\t\t\t<div class=\"elementor-element elementor-element-8f8aef8 elementor-widget elementor-widget-image\" data-id=\"8f8aef8\" data-element_type=\"widget\" data-widget_type=\"image.default\">\n\t\t\t\t\t\t\t\t\t\t\t\t\t\t\t<img decoding=\"async\" width=\"768\" height=\"512\" src=\"https:\/\/tmg-usa.com\/wp-content\/uploads\/2025\/04\/Global_Reach-768x512.webp\" class=\"attachment-medium_large size-medium_large wp-image-3312\" alt=\"Global Reach\" srcset=\"https:\/\/tmg-usa.com\/wp-content\/uploads\/2025\/04\/Global_Reach-768x512.webp 768w, https:\/\/tmg-usa.com\/wp-content\/uploads\/2025\/04\/Global_Reach-300x200.webp 300w, https:\/\/tmg-usa.com\/wp-content\/uploads\/2025\/04\/Global_Reach-1024x683.webp 1024w, https:\/\/tmg-usa.com\/wp-content\/uploads\/2025\/04\/Global_Reach-1536x1024.webp 1536w, https:\/\/tmg-usa.com\/wp-content\/uploads\/2025\/04\/Global_Reach.webp 1920w\" sizes=\"(max-width: 768px) 100vw, 768px\" \/>\t\t\t\t\t\t\t\t\t\t\t\t\t\t\t<\/div>\n\t\t\t\t<\/div>\n\t\t\t\t<\/div>\n\t\t<div class=\"elementor-element elementor-element-73059d7 e-con-full e-flex e-con e-parent\" data-id=\"73059d7\" data-element_type=\"container\" data-settings=\"{&quot;background_background&quot;:&quot;gradient&quot;}\">\n\t\t<div class=\"elementor-element elementor-element-92b6384 e-con-full e-flex e-con e-child\" data-id=\"92b6384\" data-element_type=\"container\">\n\t\t\t\t<div class=\"elementor-element elementor-element-314ba3a elementor-absolute elementor-widget elementor-widget-menu-anchor\" data-id=\"314ba3a\" data-element_type=\"widget\" data-settings=\"{&quot;_position&quot;:&quot;absolute&quot;}\" data-widget_type=\"menu-anchor.default\">\n\t\t\t\t\t\t\t<div class=\"elementor-menu-anchor\" id=\"form\"><\/div>\n\t\t\t\t\t\t<\/div>\n\t\t\t\t<div class=\"elementor-element elementor-element-76a1a7a elementor-widget elementor-widget-text-editor\" data-id=\"76a1a7a\" data-element_type=\"widget\" data-widget_type=\"text-editor.default\">\n\t\t\t\t\t\t\t\t\t<p>Kontakt<\/p>\n\t\t\t\t\t\t\t\t<\/div>\n\t\t\t\t<div class=\"elementor-element elementor-element-593cf03 elementor-widget__width-initial elementor-widget-mobile__width-inherit elementor-widget elementor-widget-heading\" data-id=\"593cf03\" data-element_type=\"widget\" data-widget_type=\"heading.default\">\n\t\t\t\t\t<h2 class=\"elementor-heading-title elementor-size-default\">Sie haben eine Frage oder ben\u00f6tigen fachkundige Unterst\u00fctzung?<\/h2>\t\t\t\t<\/div>\n\t\t\t\t<div class=\"elementor-element elementor-element-c09737d elementor-widget__width-initial elementor-widget-mobile__width-inherit elementor-widget elementor-widget-text-editor\" data-id=\"c09737d\" data-element_type=\"widget\" data-widget_type=\"text-editor.default\">\n\t\t\t\t\t\t\t\t\t<p>Nehmen Sie noch heute Kontakt mit uns auf. Unser Team wird Ihnen helfen, Ihre Ziele zu erreichen.<\/p>\n\t\t\t\t\t\t\t\t<\/div>\n\t\t\t\t<div class=\"elementor-element elementor-element-8b9fcc2 elementor-widget elementor-widget-button\" data-id=\"8b9fcc2\" data-element_type=\"widget\" data-widget_type=\"button.default\">\n\t\t\t\t\t\t\t\t\t\t<a class=\"elementor-button elementor-button-link elementor-size-sm\" href=\"mailto:%20contact@tmg-ch.com\">\n\t\t\t\t\t\t<span class=\"elementor-button-content-wrapper\">\n\t\t\t\t\t\t\t\t\t<span class=\"elementor-button-text\">Kontakt<\/span>\n\t\t\t\t\t<\/span>\n\t\t\t\t\t<\/a>\n\t\t\t\t\t\t\t\t<\/div>\n\t\t\t\t<\/div>\n\t\t\t\t<\/div>\n\t\t\t\t<\/div>\n\t\t","protected":false},"excerpt":{"rendered":"<p>Unsere Philosophie Mehr erfahren Agile &amp; Effektive Beratung Unternehmensberatung ist ein Gesch\u00e4ftsfeld das sich im Umbruch befindet. Dasselbe gilt f\u00fcr die weltweit t\u00e4tigen Unternehmen unserer Kunden. Da sich unsere Umwelt st\u00e4ndig ver\u00e4ndert, m\u00fcssen auch wir unsere Herangehensweise st\u00e4ndig neu \u00fcberdenken und unsere Strukturen anpassen, um weiterhin wettbewerbsf\u00e4hig zu bleiben und optimale L\u00f6sungen unseren Kunden anbieten [&hellip;]<\/p>\n","protected":false},"author":10,"featured_media":0,"parent":0,"menu_order":0,"comment_status":"closed","ping_status":"closed","template":"","meta":{"footnotes":""},"class_list":["post-3194","page","type-page","status-publish","hentry"],"_hostinger_reach_plugin_has_subscription_block":false,"_hostinger_reach_plugin_is_elementor":false,"_links":{"self":[{"href":"https:\/\/tmg-ch.com\/de\/wp-json\/wp\/v2\/pages\/3194","targetHints":{"allow":["GET"]}}],"collection":[{"href":"https:\/\/tmg-ch.com\/de\/wp-json\/wp\/v2\/pages"}],"about":[{"href":"https:\/\/tmg-ch.com\/de\/wp-json\/wp\/v2\/types\/page"}],"author":[{"embeddable":true,"href":"https:\/\/tmg-ch.com\/de\/wp-json\/wp\/v2\/users\/10"}],"replies":[{"embeddable":true,"href":"https:\/\/tmg-ch.com\/de\/wp-json\/wp\/v2\/comments?post=3194"}],"version-history":[{"count":29,"href":"https:\/\/tmg-ch.com\/de\/wp-json\/wp\/v2\/pages\/3194\/revisions"}],"predecessor-version":[{"id":4518,"href":"https:\/\/tmg-ch.com\/de\/wp-json\/wp\/v2\/pages\/3194\/revisions\/4518"}],"wp:attachment":[{"href":"https:\/\/tmg-ch.com\/de\/wp-json\/wp\/v2\/media?parent=3194"}],"curies":[{"name":"wp","href":"https:\/\/api.w.org\/{rel}","templated":true}]}}