{"id":3192,"date":"2025-02-22T07:08:14","date_gmt":"2025-02-22T06:08:14","guid":{"rendered":"https:\/\/tmg-usa.com\/ueber\/"},"modified":"2025-09-30T09:38:47","modified_gmt":"2025-09-30T07:38:47","slug":"about","status":"publish","type":"page","link":"https:\/\/tmg-ch.com\/de\/about\/","title":{"rendered":"\u00dcber uns"},"content":{"rendered":"\t\t<div data-elementor-type=\"wp-page\" data-elementor-id=\"3192\" class=\"elementor elementor-3192 elementor-133\" data-elementor-post-type=\"page\">\n\t\t\t\t<div class=\"elementor-element elementor-element-975d27d e-con-full e-flex e-con e-parent\" data-id=\"975d27d\" data-element_type=\"container\" data-settings=\"{&quot;background_background&quot;:&quot;classic&quot;}\">\n\t\t\t\t<div class=\"elementor-element elementor-element-6500598 elementor-widget elementor-widget-heading\" data-id=\"6500598\" data-element_type=\"widget\" data-widget_type=\"heading.default\">\n\t\t\t\t\t<h1 class=\"elementor-heading-title elementor-size-default\">\u00dcBER UNS<\/h1>\t\t\t\t<\/div>\n\t\t\t\t<div class=\"elementor-element elementor-element-a01206a elementor-widget elementor-widget-button\" data-id=\"a01206a\" data-element_type=\"widget\" data-widget_type=\"button.default\">\n\t\t\t\t\t\t\t\t\t\t<a class=\"elementor-button elementor-button-link elementor-size-sm\" href=\"#about\">\n\t\t\t\t\t\t<span class=\"elementor-button-content-wrapper\">\n\t\t\t\t\t\t\t\t\t<span class=\"elementor-button-text\">Mehr erfahren<\/span>\n\t\t\t\t\t<\/span>\n\t\t\t\t\t<\/a>\n\t\t\t\t\t\t\t\t<\/div>\n\t\t\t\t<\/div>\n\t\t<div class=\"elementor-element elementor-element-a6e7e95 e-con-full e-flex e-con e-parent\" data-id=\"a6e7e95\" data-element_type=\"container\">\n\t\t\t\t<div class=\"elementor-element elementor-element-87d0aee elementor-absolute elementor-widget elementor-widget-menu-anchor\" data-id=\"87d0aee\" data-element_type=\"widget\" data-settings=\"{&quot;_position&quot;:&quot;absolute&quot;}\" data-widget_type=\"menu-anchor.default\">\n\t\t\t\t\t\t\t<div class=\"elementor-menu-anchor\" id=\"about\"><\/div>\n\t\t\t\t\t\t<\/div>\n\t\t<div class=\"elementor-element elementor-element-ec9c319 e-grid e-con-full e-con e-child\" data-id=\"ec9c319\" data-element_type=\"container\">\n\t\t<div class=\"elementor-element elementor-element-2a9cea8 e-con-full container-hover e-flex e-con e-child\" data-id=\"2a9cea8\" data-element_type=\"container\">\n\t\t\t\t<div class=\"elementor-element elementor-element-5d69c73 elementor-widget elementor-widget-heading\" data-id=\"5d69c73\" data-element_type=\"widget\" data-widget_type=\"heading.default\">\n\t\t\t\t\t<p class=\"elementor-heading-title elementor-size-default\">Gegr\u00fcndet im Jahr 2002<\/p>\t\t\t\t<\/div>\n\t\t\t\t<\/div>\n\t\t<div class=\"elementor-element elementor-element-ac6188d e-con-full container-hover e-flex e-con e-child\" data-id=\"ac6188d\" data-element_type=\"container\">\n\t\t\t\t<div class=\"elementor-element elementor-element-582530d elementor-widget elementor-widget-heading\" data-id=\"582530d\" data-element_type=\"widget\" data-widget_type=\"heading.default\">\n\t\t\t\t\t<p class=\"elementor-heading-title elementor-size-default\">Hauptsitz in Dallas und Z\u00fcrich<\/p>\t\t\t\t<\/div>\n\t\t\t\t<\/div>\n\t\t<div class=\"elementor-element elementor-element-0f19ebb e-con-full container-hover e-flex e-con e-child\" data-id=\"0f19ebb\" data-element_type=\"container\">\n\t\t\t\t<div class=\"elementor-element elementor-element-f9367ef elementor-widget elementor-widget-heading\" data-id=\"f9367ef\" data-element_type=\"widget\" data-widget_type=\"heading.default\">\n\t\t\t\t\t<p class=\"elementor-heading-title elementor-size-default\">Verwurzelt im Technologie Management<\/p>\t\t\t\t<\/div>\n\t\t\t\t<\/div>\n\t\t<div class=\"elementor-element elementor-element-b654b3b e-con-full container-hover e-flex e-con e-child\" data-id=\"b654b3b\" data-element_type=\"container\">\n\t\t\t\t<div class=\"elementor-element elementor-element-926a476 elementor-widget elementor-widget-heading\" data-id=\"926a476\" data-element_type=\"widget\" data-widget_type=\"heading.default\">\n\t\t\t\t\t<p class=\"elementor-heading-title elementor-size-default\">Erfahrene Berater<\/p>\t\t\t\t<\/div>\n\t\t\t\t<\/div>\n\t\t\t\t<\/div>\n\t\t\t\t<\/div>\n\t\t<div class=\"elementor-element elementor-element-9e0b498 e-flex e-con-boxed e-con e-parent\" data-id=\"9e0b498\" data-element_type=\"container\">\n\t\t\t\t\t<div class=\"e-con-inner\">\n\t\t\t\t<div class=\"elementor-element elementor-element-005c385 elementor-widget elementor-widget-heading\" data-id=\"005c385\" data-element_type=\"widget\" data-widget_type=\"heading.default\">\n\t\t\t\t\t<h2 class=\"elementor-heading-title elementor-size-default\">Vertrauen und Kompetenz<\/h2>\t\t\t\t<\/div>\n\t\t\t\t<div class=\"elementor-element elementor-element-ff90449 elementor-widget elementor-widget-text-editor\" data-id=\"ff90449\" data-element_type=\"widget\" data-widget_type=\"text-editor.default\">\n\t\t\t\t\t\t\t\t\t<p>Die Global Technology Management Group wurde im Jahr 2002 gegr\u00fcndet. Die Wurzeln des Unternehmens im Technologiemanagement und in der Beratung liegen jedoch viel tiefer, da die meisten seiner F\u00fchrungskr\u00e4fte und Mitarbeiter erfahrene Berater und Manager sind, die eine lange und erfolgreiche Erfolgsbilanz in verschiedenen leitenden und hochrangigen Positionen in Top-Fortune-500-Unternehmen und den grossen f\u00fcnf Beratungsunternehmen vorweisen k\u00f6nnen.<\/p>\t\t\t\t\t\t\t\t<\/div>\n\t\t\t\t\t<\/div>\n\t\t\t\t<\/div>\n\t\t<div class=\"elementor-element elementor-element-52c09db e-con-full e-flex e-con e-parent\" data-id=\"52c09db\" data-element_type=\"container\" data-settings=\"{&quot;background_background&quot;:&quot;classic&quot;}\">\n\t\t\t\t<\/div>\n\t\t<div class=\"elementor-element elementor-element-cdba89e e-flex e-con-boxed e-con e-parent\" data-id=\"cdba89e\" data-element_type=\"container\">\n\t\t\t\t\t<div class=\"e-con-inner\">\n\t\t\t\t<div class=\"elementor-element elementor-element-99fe3fd elementor-widget elementor-widget-heading\" data-id=\"99fe3fd\" data-element_type=\"widget\" data-widget_type=\"heading.default\">\n\t\t\t\t\t<h2 class=\"elementor-heading-title elementor-size-default\">Weltweite Reichweite<\/h2>\t\t\t\t<\/div>\n\t\t\t\t<div class=\"elementor-element elementor-element-9be6d77 elementor-widget elementor-widget-text-editor\" data-id=\"9be6d77\" data-element_type=\"widget\" data-widget_type=\"text-editor.default\">\n\t\t\t\t\t\t\t\t\t<p>Da unser Gesch\u00e4ft in den letzten Jahren stetig gewachsen ist, haben wir beschlossen, Kontinentaleuropa vom Festland aus zu bedienen. Wir haben daher Z\u00fcrich als Zentrum unserer Aktivit\u00e4ten gew\u00e4hlt.<\/p><p>Zudem verschaffte uns dies eine Ressourcenbasis, die wir schnell und effektiv f\u00fcr europ\u00e4ischen Projekte nutzen konnten.<\/p><p>Wir bleiben ein Unternehmen und unsere unternehmens\u00fcbergreifende Interaktion, der Wissenstransfer und die gemeinsamen Ressourcen sind so stark wie eh und je. Mit unserer Pr\u00e4senz in Z\u00fcrich zeigen wir jedoch ein langfristiges Engagement in der Schweiz und in Europa.<\/p><p>Zus\u00e4tzlich f\u00fchren wir eine kleine Gesch\u00e4ftsstelle in Asien, ans\u00e4ssig in Singapur, die uns erlaubt, vom Potenzial der Region f\u00fcr uns und unsere Kunden im Hinblick auf Resourcen, gesch\u00e4ftliche M\u00f6glichkeiten und Outsorcing zu profitieren.<\/p>\t\t\t\t\t\t\t\t<\/div>\n\t\t\t\t<div class=\"elementor-element elementor-element-5bcc3fd elementor-widget elementor-widget-heading\" data-id=\"5bcc3fd\" data-element_type=\"widget\" data-widget_type=\"heading.default\">\n\t\t\t\t\t<h2 class=\"elementor-heading-title elementor-size-default\">Nachhaltiges Wachstum, starkes Fundament<\/h2>\t\t\t\t<\/div>\n\t\t\t\t<div class=\"elementor-element elementor-element-324e7be elementor-widget elementor-widget-text-editor\" data-id=\"324e7be\" data-element_type=\"widget\" data-widget_type=\"text-editor.default\">\n\t\t\t\t\t\t\t\t\t<p>Weltweit arbeiten derzeit rund 50 Teammitglieder f\u00fcr die Technology Management Group. Unsere Beratungserl\u00f6se liegen im zweistelligen Millionenbereich in US-Dollar. Seit 2002 verzeichnen wir ein j\u00e4hrliches Wachstum von rund 15 Prozent. Wir verfolgen weiterhin eine Strategie des kontrollierten Wachstums \u2013 wir nutzen Marktchancen, aber nicht auf Kosten der Qualit\u00e4t und der Integration unserer Mitarbeitenden.<\/p>\t\t\t\t\t\t\t\t<\/div>\n\t\t\t\t\t<\/div>\n\t\t\t\t<\/div>\n\t\t<div class=\"elementor-element elementor-element-50543bc e-con-full e-flex e-con e-parent\" data-id=\"50543bc\" data-element_type=\"container\" data-settings=\"{&quot;background_background&quot;:&quot;gradient&quot;}\">\n\t\t<div class=\"elementor-element elementor-element-bf20aa5 e-con-full e-flex e-con e-child\" data-id=\"bf20aa5\" data-element_type=\"container\">\n\t\t\t\t<div class=\"elementor-element elementor-element-dbe8f97 elementor-widget elementor-widget-text-editor\" data-id=\"dbe8f97\" data-element_type=\"widget\" data-widget_type=\"text-editor.default\">\n\t\t\t\t\t\t\t\t\t<p>Kontakt<\/p>\t\t\t\t\t\t\t\t<\/div>\n\t\t\t\t<div class=\"elementor-element elementor-element-9573352 elementor-widget__width-initial elementor-widget-mobile__width-inherit elementor-widget elementor-widget-heading\" data-id=\"9573352\" data-element_type=\"widget\" data-widget_type=\"heading.default\">\n\t\t\t\t\t<h2 class=\"elementor-heading-title elementor-size-default\">Sie haben eine Frage oder ben\u00f6tigen fachkundige Unterst\u00fctzung?<\/h2>\t\t\t\t<\/div>\n\t\t\t\t<div class=\"elementor-element elementor-element-8a4caf8 elementor-widget__width-initial elementor-widget-mobile__width-inherit elementor-widget elementor-widget-text-editor\" data-id=\"8a4caf8\" data-element_type=\"widget\" data-widget_type=\"text-editor.default\">\n\t\t\t\t\t\t\t\t\t<p>Nehmen Sie noch heute Kontakt mit uns auf. Unser Team wird Ihnen helfen, Ihre Ziele zu erreichen.<\/p>\t\t\t\t\t\t\t\t<\/div>\n\t\t\t\t<div class=\"elementor-element elementor-element-f5e719d elementor-widget elementor-widget-button\" data-id=\"f5e719d\" data-element_type=\"widget\" data-widget_type=\"button.default\">\n\t\t\t\t\t\t\t\t\t\t<a class=\"elementor-button elementor-button-link elementor-size-sm\" href=\"mailto:%20contact@tmg-ch.com\">\n\t\t\t\t\t\t<span class=\"elementor-button-content-wrapper\">\n\t\t\t\t\t\t\t\t\t<span class=\"elementor-button-text\">Kontakt<\/span>\n\t\t\t\t\t<\/span>\n\t\t\t\t\t<\/a>\n\t\t\t\t\t\t\t\t<\/div>\n\t\t\t\t<\/div>\n\t\t\t\t<\/div>\n\t\t\t\t<\/div>\n\t\t","protected":false},"excerpt":{"rendered":"<p>\u00dcBER UNS Mehr erfahren Gegr\u00fcndet im Jahr 2002 Hauptsitz in Dallas und Z\u00fcrich Verwurzelt im Technologie Management Erfahrene Berater Vertrauen und Kompetenz Die Global Technology Management Group wurde im Jahr 2002 gegr\u00fcndet. Die Wurzeln des Unternehmens im Technologiemanagement und in der Beratung liegen jedoch viel tiefer, da die meisten seiner F\u00fchrungskr\u00e4fte und Mitarbeiter erfahrene Berater [&hellip;]<\/p>\n","protected":false},"author":10,"featured_media":0,"parent":0,"menu_order":0,"comment_status":"closed","ping_status":"closed","template":"","meta":{"footnotes":""},"class_list":["post-3192","page","type-page","status-publish","hentry"],"_hostinger_reach_plugin_has_subscription_block":false,"_hostinger_reach_plugin_is_elementor":false,"_links":{"self":[{"href":"https:\/\/tmg-ch.com\/de\/wp-json\/wp\/v2\/pages\/3192","targetHints":{"allow":["GET"]}}],"collection":[{"href":"https:\/\/tmg-ch.com\/de\/wp-json\/wp\/v2\/pages"}],"about":[{"href":"https:\/\/tmg-ch.com\/de\/wp-json\/wp\/v2\/types\/page"}],"author":[{"embeddable":true,"href":"https:\/\/tmg-ch.com\/de\/wp-json\/wp\/v2\/users\/10"}],"replies":[{"embeddable":true,"href":"https:\/\/tmg-ch.com\/de\/wp-json\/wp\/v2\/comments?post=3192"}],"version-history":[{"count":47,"href":"https:\/\/tmg-ch.com\/de\/wp-json\/wp\/v2\/pages\/3192\/revisions"}],"predecessor-version":[{"id":4565,"href":"https:\/\/tmg-ch.com\/de\/wp-json\/wp\/v2\/pages\/3192\/revisions\/4565"}],"wp:attachment":[{"href":"https:\/\/tmg-ch.com\/de\/wp-json\/wp\/v2\/media?parent=3192"}],"curies":[{"name":"wp","href":"https:\/\/api.w.org\/{rel}","templated":true}]}}